{"id":566,"date":"2016-09-20T11:54:30","date_gmt":"2016-09-20T09:54:30","guid":{"rendered":"http:\/\/stines.se\/de\/utstallningar\/"},"modified":"2023-02-06T09:57:10","modified_gmt":"2023-02-06T09:57:10","slug":"utstallningar","status":"publish","type":"page","link":"https:\/\/stines.se\/de\/utstallningar\/","title":{"rendered":"Utst\u00e4llningar"},"content":{"rendered":"<div class=\"gb-container gb-container-695b0a8f\"><div class=\"gb-inside-container\">\n\n<h2 class=\"wp-block-heading\">Aktuella Utst\u00e4llningar<\/h2>\n\n\n\n<p>UTVALT.<\/p>\n\n\n\n<p>Jurybed\u00f6md vandringsutst\u00e4llning som visas<\/p>\n\n\n\n<ul class=\"wp-block-list\">\n<li>18\/6 \u2013 23\/8 2015 p\u00e5 Form\/Design Center, Malm\u00f6<\/li>\n\n\n\n<li>5\/9 \u2013 18\/10 2015 p\u00e5 Tj\u00f6rnedala Konsthall, Simrishamn<\/li>\n\n\n\n<li>29\/10 \u2013 24\/1 2016 p\u00e5 Dunkers Kulturhus, Helsingborg<\/li>\n\n\n\n<li>11\/2 \u2013 17\/2 2016 p\u00e5 Museum f\u00fcr V\u00f6lkerkunde, Hamburg<\/li>\n\n\n\n<li>18\/6 \u2013 4\/9 2016 p\u00e5 Kulturcentrum, Ronneby<\/li>\n\n\n\n<li>24\/1 &#8211; 23\/3 2014&nbsp;Liljevalchs v\u00e5rsalong<\/li>\n<\/ul>\n\n\n\n<p>Permanentutst\u00e4llning i Konsthantverkarna i Ystads butik.<br>Jens Jacobsens hus, Tv\u00e4ttorget, Ystad<\/p>\n\n<\/div><\/div>\n\n<div class=\"gb-container gb-container-df113bcf\"><div class=\"gb-inside-container\">\n\n<h2 class=\"wp-block-heading\">Grupputst\u00e4llningar<\/h2>\n\n\n\n<figure class=\"wp-block-table\"><table><tbody><tr><td>1975<\/td><td>Salon ASALA Paris, Frankrike<\/td><td>Maison de la Culture Ch\u00e2lon-sur S\u00e2one, Frankrike<\/td><td>&nbsp;<\/td><\/tr><tr><td>1976<\/td><td>Salon ASALA Paris, Frankrike<\/td><td>Galerie Soleil dans la T\u00eate Paris Frankrike (g\u00f6r en utst\u00e4llning med ett 20-tal konstn\u00e4rer i Saint-Etienne, Frankrike: \u201dImages pour pieces d\u2019identit\u00e9\u201d<\/td><td>Galerie SMA, Ballexert Gen\u00e8ve, Schweiz<\/td><\/tr><tr><td>1977<\/td><td>Galerie Soleil dans la T\u00eate Paris, Frankrike<\/td><td>&nbsp;<\/td><td>&nbsp;<\/td><\/tr><tr><td>1978<\/td><td>Ch\u00e2teau de Boen, Centre d\u2019Animation Artistique Frankrike (genom Galerie Soleil dans la T\u00eate, Paris)<\/td><td>&nbsp;<\/td><td>&nbsp;<\/td><\/tr><tr><td>1979<\/td><td>Ch\u00e2teau de Boen, Centre d\u2019Animation Artistique Frankrike (genomGalerie Soleil dans la T\u00eate, Paris)<\/td><td>&nbsp;<\/td><\/tr><tr><td>1980<\/td><td>L\u2019Atelier &#8211; Centre d\u2019art et de recherche Ferney-Voltaire, Frankrike<\/td><td>&nbsp;<\/td><td>&nbsp;<\/td><\/tr><tr><td>1983<\/td><td>FN (Palais des Nations) Gen\u00e8ve, Schweiz<\/td><td>illa du Bout-du-Monde, Champel Gen\u00e8ve, Schweiz<\/td><td>&nbsp;<\/td><\/tr><tr><td>1991<\/td><td>Konstfr\u00e4mjandet Stockholm, Sverige<\/td><td>Galleri Casper Stockholm, Sverige<\/td><td>Galleri Art Union Stockholm, Sverige<\/td><\/tr><tr><td>1992<\/td><td>Galleri Art Union Stockholm, Sverige<\/td><td>&nbsp;<\/td><td>&nbsp;<\/td><\/tr><tr><td>1993<\/td><td>Galleri Hamnen Viken, Sverige<\/td><td>&nbsp;<\/td><td>&nbsp;<\/td><\/tr><tr><td>2004<\/td><td>Galleri Max Ystad<\/td><td>Ystads Milit\u00e4rmuseem Ystad<\/td><td>Galleri Nordenvind Saeby, Danmark<\/td><\/tr><tr><td>2007<\/td><td>P\u00e5skutst\u00e4llning p\u00e5 Bollerups Borg Sverige<\/td><td>Yllan konferenshall Kristianstad (gm SK), Sverige<\/td><td>&nbsp;<\/td><\/tr><tr><td>2008<\/td><td>\u201dF\u00e5ngad av Konst\u201d Marsvinsholms slott, Sverige<\/td><td>&nbsp;<\/td><td>&nbsp;<\/td><\/tr><tr><td>2009<\/td><td>\u201dAbsolute Art\u201d, The Gallery By The River MD, USA<\/td><td>\u201dSurvivor\u201d, Om \u00f6verlevnad, Galleri Cosmopolitan G\u00f6teborg, Sverige<\/td><td>&nbsp;<\/td><\/tr><tr><td>2011<\/td><td>Galleri Lilla Upp\u00e5kra, Staffanstorp Staffanstorp, Sverige<\/td><td>P\u00e5 Kajskjul 207, Lilla Bommens torg G\u00f6teborg, Sverige<\/td><td>&nbsp;<\/td><\/tr><tr><td>2014<\/td><td>Liljevalchs V\u00e5rsalong, Sverige<\/td><td>2015-16 &#8211; UTVALT. Jurybed\u00f6md vandringsutst\u00e4llning, Malm\u00f6, Tj\u00f6rnedala, Helsingborg, Hamburg, Ronneby<\/td><td>&nbsp;<\/td><\/tr><\/tbody><\/table><\/figure>\n\n<\/div><\/div>\n\n<div class=\"gb-container gb-container-0c9ec3b5\"><div class=\"gb-inside-container\">\n\n<h2 class=\"wp-block-heading\">Separatutst\u00e4llningar<\/h2>\n\n\n\n<figure class=\"wp-block-table\"><table><tbody><tr><td>1975<\/td><td>Galerie Saint-Dominique Lyon, Frankrike<\/td><td>Galerie La Vouivre Saint-Claude, Frankrike<\/td><td>&nbsp;<\/td><td>&nbsp;<\/td><\/tr><tr><td>1976<\/td><td>Galerie Soleil dans la T\u00eate Paris Frankrike<\/td><td>Club Nordique Gen\u00e8ve, Schweiz<\/td><td>&nbsp;<\/td><td>&nbsp;<\/td><\/tr><tr><td>1977 &#8211; Le Lignon, Foyer Communitaire Gen\u00e8ve, Schweiz<\/td><td>Galerie Peuple et Culture Annecy, Frankrike<\/td><td>MJC, Maison de la Culture Cluses, Frankrike<\/td><td>&nbsp;<\/td><td>&nbsp;<\/td><\/tr><tr><td>1978<\/td><td>Galerie Saint Dominique Lyon, Frankrike<\/td><td>Maison de la Culture La Roche-sur-Foron, Frankrike<\/td><td>Exposition Roger Vailland Bourg-en-Bresse, Frankrike<\/td><td>Galerie SMA, l\u2019Art Genevois Contemporain Gen\u00e8ve, Schweiz<\/td><\/tr><tr><td>1979<\/td><td>Maison de la Culture Th\u00f4non-les-Bains, Frankrike<\/td><td>Inredningsvaruhuset \u201dSilverbergs\u201d Malm\u00f6, Sverige<\/td><td>&nbsp;<\/td><td>&nbsp;<\/td><\/tr><tr><td>1982<\/td><td>BRA Ferney-Voltaire, Frankrike<\/td><td>GATT (WTO), Centre William Rapport Gen\u00e8ve, Schweiz<\/td><td>&nbsp;<\/td><td>&nbsp;<\/td><\/tr><tr><td>2007<\/td><td>Gambro konstf\u00f6rening Lund, Sverige<\/td><td>&nbsp;<\/td><td>&nbsp;<\/td><td>&nbsp;<\/td><\/tr><tr><td>2009<\/td><td>\u201dGroteskerier \u2013 \u00c5terbruk\u201d, Galleri G Lund, Sverige<\/td><td>&nbsp;<\/td><td>&nbsp;<\/td><td>&nbsp;<\/td><\/tr><tr><td>2011<\/td><td>Galleri KHVC, \u201dGroteskerier \u2013 \u00c5terbruk\u201d Konsthantverkscentrum \u00d6rebro\/Wadk\u00f6ping<\/td><td>&nbsp;<\/td><td>&nbsp;<\/td><td>&nbsp;<\/td><\/tr><\/tbody><\/table><\/figure>\n\n<\/div><\/div>","protected":false},"excerpt":{"rendered":"<p>Aktuella Utst\u00e4llningar UTVALT. Jurybed\u00f6md vandringsutst\u00e4llning som visas Permanentutst\u00e4llning i Konsthantverkarna i Ystads butik.Jens Jacobsens hus, Tv\u00e4ttorget, Ystad Grupputst\u00e4llningar 1975 Salon ASALA Paris, Frankrike Maison de la Culture Ch\u00e2lon-sur S\u00e2one, Frankrike &nbsp; 1976 Salon ASALA Paris, Frankrike Galerie Soleil dans la T\u00eate Paris Frankrike (g\u00f6r en utst\u00e4llning med ett 20-tal konstn\u00e4rer i Saint-Etienne, Frankrike: \u201dImages pour &#8230; <a title=\"Utst\u00e4llningar\" class=\"read-more\" href=\"https:\/\/stines.se\/de\/utstallningar\/\" aria-label=\"Mehr Informationen \u00fcber Utst\u00e4llningar\">Weiterlesen<\/a><\/p>\n","protected":false},"author":1,"featured_media":0,"parent":0,"menu_order":0,"comment_status":"closed","ping_status":"closed","template":"","meta":{"ngg_post_thumbnail":0,"footnotes":""},"class_list":["post-566","page","type-page","status-publish"],"_links":{"self":[{"href":"https:\/\/stines.se\/de\/wp-json\/wp\/v2\/pages\/566","targetHints":{"allow":["GET"]}}],"collection":[{"href":"https:\/\/stines.se\/de\/wp-json\/wp\/v2\/pages"}],"about":[{"href":"https:\/\/stines.se\/de\/wp-json\/wp\/v2\/types\/page"}],"author":[{"embeddable":true,"href":"https:\/\/stines.se\/de\/wp-json\/wp\/v2\/users\/1"}],"replies":[{"embeddable":true,"href":"https:\/\/stines.se\/de\/wp-json\/wp\/v2\/comments?post=566"}],"version-history":[{"count":1,"href":"https:\/\/stines.se\/de\/wp-json\/wp\/v2\/pages\/566\/revisions"}],"predecessor-version":[{"id":1015,"href":"https:\/\/stines.se\/de\/wp-json\/wp\/v2\/pages\/566\/revisions\/1015"}],"wp:attachment":[{"href":"https:\/\/stines.se\/de\/wp-json\/wp\/v2\/media?parent=566"}],"curies":[{"name":"wp","href":"https:\/\/api.w.org\/{rel}","templated":true}]}}