{"id":512,"date":"2016-09-20T11:36:20","date_gmt":"2016-09-20T09:36:20","guid":{"rendered":"http:\/\/stines.se\/de\/startsida\/"},"modified":"2026-03-24T10:54:19","modified_gmt":"2026-03-24T10:54:19","slug":"startsida","status":"publish","type":"page","link":"https:\/\/stines.se\/de\/","title":{"rendered":"Startsida"},"content":{"rendered":"\n<div>\n<div class=\"gb-element-6a097b5a\">\n<p>Jag har arbetat med textila bilder i 55 \u00e5r och tycker att jag fortfarande kan utveckla tekniken och uttrycket.<\/p>\n\n\n\n<p>P\u00e5 senare \u00e5r har jag \u00e4ven f\u00f6rsett mina bilder med kompletterande texter, som jag skriver in p\u00e5 frihand. Dessutom skall det alltid vara med en sl\u00e4ng av humor i kompositionen text plus bild, annars \u00e4r jag inte n\u00f6jd.<\/p>\n\n\n\n<p>N\u00e5gon kallade mina bilder f\u00f6r groteska. Enligt Wikipedia ligger des groteska och det absurda n\u00e4ra varandra, men det groteska har en p\u00e5nyttf\u00f6dande effekt. Det fungerar befriande eller f\u00f6rl\u00f6sande.<br>Detta passar exakt p\u00e5 vad jag g\u00f6r och jag s\u00e4ger med gl\u00e4dje att mina bilder \u00e4r groteska.<\/p>\n\n\n\n<p>Jag signerar enbart med \u201dStine\u201d<\/p>\n\n\n\n<figure class=\"wp-block-image\"><a href=\"https:\/\/stines.se\/wp-content\/uploads\/2016\/09\/Stines-IMG_7615-red.jpg\"><img loading=\"lazy\" decoding=\"async\" width=\"1200\" height=\"1200\" src=\"https:\/\/stines.se\/wp-content\/uploads\/2016\/09\/Stines-IMG_7615-red.jpg\" alt=\"\" class=\"wp-image-466\" srcset=\"https:\/\/stines.se\/wp-content\/uploads\/2016\/09\/Stines-IMG_7615-red.jpg 1200w, https:\/\/stines.se\/wp-content\/uploads\/2016\/09\/Stines-IMG_7615-red-150x150.jpg 150w, https:\/\/stines.se\/wp-content\/uploads\/2016\/09\/Stines-IMG_7615-red-300x300.jpg 300w, https:\/\/stines.se\/wp-content\/uploads\/2016\/09\/Stines-IMG_7615-red-768x768.jpg 768w, https:\/\/stines.se\/wp-content\/uploads\/2016\/09\/Stines-IMG_7615-red-1024x1024.jpg 1024w, https:\/\/stines.se\/wp-content\/uploads\/2016\/09\/Stines-IMG_7615-red-800x800.jpg 800w\" sizes=\"auto, (max-width: 1200px) 100vw, 1200px\" \/><\/a><\/figure>\n<\/div>\n\n\n\n<div>\n<div style=\"height:30px\" aria-hidden=\"true\" class=\"wp-block-spacer\"><\/div>\n\n\n\n<h2 class=\"wp-block-heading\">Affischer<\/h2>\n\n\n\n<hr class=\"wp-block-separator has-css-opacity is-style-wide\"\/>\n\n\n\n<div style=\"height:30px\" aria-hidden=\"true\" class=\"wp-block-spacer\"><\/div>\n\n\n\n<div class=\"wp-block-columns is-layout-flex wp-container-core-columns-is-layout-9d6595d7 wp-block-columns-is-layout-flex\">\n<div class=\"wp-block-column is-layout-flow wp-block-column-is-layout-flow\"><div class=\"wp-block-image\">\n<figure class=\"aligncenter size-large\"><a href=\"https:\/\/stines.se\/wp-content\/uploads\/2021\/02\/affisch-35-textilbilder.jpg\"><img loading=\"lazy\" decoding=\"async\" width=\"724\" height=\"1024\" src=\"https:\/\/stines.se\/wp-content\/uploads\/2021\/02\/affisch-35-textilbilder-724x1024.jpg\" alt=\"\" class=\"wp-image-912\" srcset=\"https:\/\/stines.se\/wp-content\/uploads\/2021\/02\/affisch-35-textilbilder-724x1024.jpg 724w, https:\/\/stines.se\/wp-content\/uploads\/2021\/02\/affisch-35-textilbilder-212x300.jpg 212w, https:\/\/stines.se\/wp-content\/uploads\/2021\/02\/affisch-35-textilbilder-768x1086.jpg 768w, https:\/\/stines.se\/wp-content\/uploads\/2021\/02\/affisch-35-textilbilder-800x1132.jpg 800w, https:\/\/stines.se\/wp-content\/uploads\/2021\/02\/affisch-35-textilbilder.jpg 842w\" sizes=\"auto, (max-width: 724px) 100vw, 724px\" \/><\/a><\/figure>\n<\/div><\/div>\n\n\n\n<div class=\"wp-block-column is-layout-flow wp-block-column-is-layout-flow\"><div class=\"wp-block-image\">\n<figure class=\"aligncenter size-large\"><a href=\"https:\/\/stines.se\/wp-content\/uploads\/2021\/02\/Affisch-60-fria-broderier.jpg\"><img loading=\"lazy\" decoding=\"async\" width=\"724\" height=\"1024\" src=\"https:\/\/stines.se\/wp-content\/uploads\/2021\/02\/Affisch-60-fria-broderier-724x1024.jpg\" alt=\"\" class=\"wp-image-916\" srcset=\"https:\/\/stines.se\/wp-content\/uploads\/2021\/02\/Affisch-60-fria-broderier-724x1024.jpg 724w, https:\/\/stines.se\/wp-content\/uploads\/2021\/02\/Affisch-60-fria-broderier-212x300.jpg 212w, https:\/\/stines.se\/wp-content\/uploads\/2021\/02\/Affisch-60-fria-broderier-768x1086.jpg 768w, https:\/\/stines.se\/wp-content\/uploads\/2021\/02\/Affisch-60-fria-broderier-800x1132.jpg 800w, https:\/\/stines.se\/wp-content\/uploads\/2021\/02\/Affisch-60-fria-broderier.jpg 842w\" sizes=\"auto, (max-width: 724px) 100vw, 724px\" \/><\/a><\/figure>\n<\/div><\/div>\n<\/div>\n<\/div>\n<\/div>\n","protected":false},"excerpt":{"rendered":"<p>Jag har arbetat med textila bilder i 55 \u00e5r och tycker att jag fortfarande kan utveckla tekniken och uttrycket. P\u00e5 senare \u00e5r har jag \u00e4ven f\u00f6rsett mina bilder med kompletterande texter, som jag skriver in p\u00e5 frihand. Dessutom skall det alltid vara med en sl\u00e4ng av humor i kompositionen text plus bild, annars \u00e4r jag &#8230; <a title=\"Startsida\" class=\"read-more\" href=\"https:\/\/stines.se\/de\/\" aria-label=\"Mehr Informationen \u00fcber Startsida\">Weiterlesen<\/a><\/p>\n","protected":false},"author":1,"featured_media":0,"parent":0,"menu_order":0,"comment_status":"closed","ping_status":"closed","template":"","meta":{"ngg_post_thumbnail":0,"footnotes":""},"class_list":["post-512","page","type-page","status-publish"],"_links":{"self":[{"href":"https:\/\/stines.se\/de\/wp-json\/wp\/v2\/pages\/512","targetHints":{"allow":["GET"]}}],"collection":[{"href":"https:\/\/stines.se\/de\/wp-json\/wp\/v2\/pages"}],"about":[{"href":"https:\/\/stines.se\/de\/wp-json\/wp\/v2\/types\/page"}],"author":[{"embeddable":true,"href":"https:\/\/stines.se\/de\/wp-json\/wp\/v2\/users\/1"}],"replies":[{"embeddable":true,"href":"https:\/\/stines.se\/de\/wp-json\/wp\/v2\/comments?post=512"}],"version-history":[{"count":12,"href":"https:\/\/stines.se\/de\/wp-json\/wp\/v2\/pages\/512\/revisions"}],"predecessor-version":[{"id":1079,"href":"https:\/\/stines.se\/de\/wp-json\/wp\/v2\/pages\/512\/revisions\/1079"}],"wp:attachment":[{"href":"https:\/\/stines.se\/de\/wp-json\/wp\/v2\/media?parent=512"}],"curies":[{"name":"wp","href":"https:\/\/api.w.org\/{rel}","templated":true}]}}